{"id":673,"date":"2024-08-07T21:59:38","date_gmt":"2024-08-07T21:59:38","guid":{"rendered":"https:\/\/www.mauertrocken.at\/?page_id=673"},"modified":"2024-08-08T07:47:28","modified_gmt":"2024-08-08T07:47:28","slug":"ursachen","status":"publish","type":"page","link":"https:\/\/www.mauertrocken.at\/?page_id=673","title":{"rendered":"Ursachen"},"content":{"rendered":"\t\t<div data-elementor-type=\"wp-page\" data-elementor-id=\"673\" class=\"elementor elementor-673\">\n\t\t\t\t<div class=\"elementor-element elementor-element-aa8231f e-flex e-con-boxed e-con e-parent\" data-id=\"aa8231f\" data-element_type=\"container\">\n\t\t\t\t\t<div class=\"e-con-inner\">\n\t\t\t\t<div class=\"elementor-element elementor-element-d0e8d1c elementor-widget elementor-widget-text-editor\" data-id=\"d0e8d1c\" data-element_type=\"widget\" data-widget_type=\"text-editor.default\">\n\t\t\t\t<div class=\"elementor-widget-container\">\n\t\t\t<style>\/*! elementor - v3.23.0 - 05-08-2024 *\/\n.elementor-widget-text-editor.elementor-drop-cap-view-stacked .elementor-drop-cap{background-color:#69727d;color:#fff}.elementor-widget-text-editor.elementor-drop-cap-view-framed .elementor-drop-cap{color:#69727d;border:3px solid;background-color:transparent}.elementor-widget-text-editor:not(.elementor-drop-cap-view-default) .elementor-drop-cap{margin-top:8px}.elementor-widget-text-editor:not(.elementor-drop-cap-view-default) .elementor-drop-cap-letter{width:1em;height:1em}.elementor-widget-text-editor .elementor-drop-cap{float:left;text-align:center;line-height:1;font-size:50px}.elementor-widget-text-editor .elementor-drop-cap-letter{display:inline-block}<\/style>\t\t\t\t<p style=\"font-weight: 400;\">Die folgenden Varianten k\u00f6nnen m\u00f6glich sein und haben unterschiedliche Ursachen, die ausschlie\u00dflich durch einen Fachmann bestimmt werden k\u00f6nnen.<\/p>\t\t\t\t\t\t<\/div>\n\t\t\t\t<\/div>\n\t\t\t\t\t<\/div>\n\t\t\t\t<\/div>\n\t\t<div class=\"elementor-element elementor-element-4b6d6c8 e-flex e-con-boxed e-con e-parent\" data-id=\"4b6d6c8\" data-element_type=\"container\">\n\t\t\t\t\t<div class=\"e-con-inner\">\n\t\t\t\t<div class=\"elementor-element elementor-element-b791b1c elementor-widget elementor-widget-html\" data-id=\"b791b1c\" data-element_type=\"widget\" data-widget_type=\"html.default\">\n\t\t\t\t<div class=\"elementor-widget-container\">\n\t\t\t<table>\n<tbody>\n<tr>\n<td style=\"text-align: right;\" width=\"274\">Putz nass<\/td>\n<td style=\"text-align: center;\" width=\"41\">-<\/td>\n<td width=\"290\">Mauerwerk nass<\/td>\n<\/tr>\n<tr>\n<td style=\"text-align: right;\" width=\"274\">Putz trocken<\/td>\n<td style=\"text-align: center;\" width=\"41\">-<\/td>\n<td width=\"290\">Mauerwerk nass<\/td>\n<\/tr>\n<tr>\n<td style=\"text-align: right;\" width=\"274\">Putz nass<\/td>\n<td style=\"text-align: center;\" width=\"41\">-<\/td>\n<td width=\"290\">Mauerwerk trocken<\/td>\n<\/tr>\n<\/tbody>\n<\/table>\t\t<\/div>\n\t\t\t\t<\/div>\n\t\t\t\t\t<\/div>\n\t\t\t\t<\/div>\n\t\t<div class=\"elementor-element elementor-element-a198b95 e-flex e-con-boxed e-con e-parent\" data-id=\"a198b95\" data-element_type=\"container\">\n\t\t\t\t\t<div class=\"e-con-inner\">\n\t\t\t\t<div class=\"elementor-element elementor-element-a638579 e-transform elementor-widget elementor-widget-image\" data-id=\"a638579\" data-element_type=\"widget\" data-settings=\"{&quot;_transform_scale_effect&quot;:{&quot;unit&quot;:&quot;px&quot;,&quot;size&quot;:1,&quot;sizes&quot;:[]},&quot;_transform_scale_effect_tablet&quot;:{&quot;unit&quot;:&quot;px&quot;,&quot;size&quot;:&quot;&quot;,&quot;sizes&quot;:[]},&quot;_transform_scale_effect_mobile&quot;:{&quot;unit&quot;:&quot;px&quot;,&quot;size&quot;:&quot;&quot;,&quot;sizes&quot;:[]}}\" data-widget_type=\"image.default\">\n\t\t\t\t<div class=\"elementor-widget-container\">\n\t\t\t<style>\/*! elementor - v3.23.0 - 05-08-2024 *\/\n.elementor-widget-image{text-align:center}.elementor-widget-image a{display:inline-block}.elementor-widget-image a img[src$=\".svg\"]{width:48px}.elementor-widget-image img{vertical-align:middle;display:inline-block}<\/style>\t\t\t\t\t\t\t<figure class=\"wp-caption\">\n\t\t\t\t\t\t\t\t\t\t<img fetchpriority=\"high\" decoding=\"async\" width=\"634\" height=\"1044\" src=\"https:\/\/www.mauertrocken.at\/wp-content\/uploads\/2024\/08\/p11.png\" class=\"attachment-large size-large wp-image-692\" alt=\"\" srcset=\"https:\/\/www.mauertrocken.at\/wp-content\/uploads\/2024\/08\/p11.png 634w, https:\/\/www.mauertrocken.at\/wp-content\/uploads\/2024\/08\/p11-622x1024.png 622w\" sizes=\"(max-width: 634px) 100vw, 634px\" \/>\t\t\t\t\t\t\t\t\t\t\t<figcaption class=\"widget-image-caption wp-caption-text\">Abb. 1: Schema zur Wasseraufnahme des Bauk\u00f6rpers<\/figcaption>\n\t\t\t\t\t\t\t\t\t\t<\/figure>\n\t\t\t\t\t\t\t<\/div>\n\t\t\t\t<\/div>\n\t\t\t\t\t<\/div>\n\t\t\t\t<\/div>\n\t\t<div class=\"elementor-element elementor-element-ac6e417 e-flex e-con-boxed e-con e-parent\" data-id=\"ac6e417\" data-element_type=\"container\">\n\t\t\t\t\t<div class=\"e-con-inner\">\n\t\t\t\t<div class=\"elementor-element elementor-element-ab7288c elementor-widget elementor-widget-text-editor\" data-id=\"ab7288c\" data-element_type=\"widget\" data-widget_type=\"text-editor.default\">\n\t\t\t\t<div class=\"elementor-widget-container\">\n\t\t\t\t\t\t\t<p style=\"font-weight: 400;\">Bei H\u00e4usern \u00fcber 40 Jahre ist die Ursache meist kapillar aufsteigende Feuchtigkeit. Die im Wasser befindlichen Salze wandern mit und kristallisieren an der Oberfl\u00e4che \u2013 es kommt zur <strong>Saliter Bildung.<\/strong><\/p>\t\t\t\t\t\t<\/div>\n\t\t\t\t<\/div>\n\t\t\t\t\t<\/div>\n\t\t\t\t<\/div>\n\t\t<div class=\"elementor-element elementor-element-67c0b9d e-grid e-con-boxed e-con e-parent\" data-id=\"67c0b9d\" data-element_type=\"container\">\n\t\t\t\t\t<div class=\"e-con-inner\">\n\t\t\t\t<div class=\"elementor-element elementor-element-1722bbc elementor-widget elementor-widget-image\" data-id=\"1722bbc\" data-element_type=\"widget\" data-widget_type=\"image.default\">\n\t\t\t\t<div class=\"elementor-widget-container\">\n\t\t\t\t\t\t\t\t\t\t<figure class=\"wp-caption\">\n\t\t\t\t\t\t\t\t\t\t<img decoding=\"async\" width=\"800\" height=\"533\" src=\"https:\/\/www.mauertrocken.at\/wp-content\/uploads\/2024\/08\/p2.jpg\" class=\"attachment-large size-large wp-image-612\" alt=\"\" srcset=\"https:\/\/www.mauertrocken.at\/wp-content\/uploads\/2024\/08\/p2.jpg 1112w, https:\/\/www.mauertrocken.at\/wp-content\/uploads\/2024\/08\/p2-1024x682.jpg 1024w, https:\/\/www.mauertrocken.at\/wp-content\/uploads\/2024\/08\/p2-768x512.jpg 768w\" sizes=\"(max-width: 800px) 100vw, 800px\" \/>\t\t\t\t\t\t\t\t\t\t\t<figcaption class=\"widget-image-caption wp-caption-text\">Abb. 2: Durchfeuchtetes Mauerwerk<\/figcaption>\n\t\t\t\t\t\t\t\t\t\t<\/figure>\n\t\t\t\t\t\t\t<\/div>\n\t\t\t\t<\/div>\n\t\t\t\t<div class=\"elementor-element elementor-element-0de223c elementor-widget elementor-widget-image\" data-id=\"0de223c\" data-element_type=\"widget\" data-widget_type=\"image.default\">\n\t\t\t\t<div class=\"elementor-widget-container\">\n\t\t\t\t\t\t\t\t\t\t<figure class=\"wp-caption\">\n\t\t\t\t\t\t\t\t\t\t<img decoding=\"async\" width=\"800\" height=\"533\" src=\"https:\/\/www.mauertrocken.at\/wp-content\/uploads\/2024\/08\/p3-1.jpg\" class=\"attachment-large size-large wp-image-613\" alt=\"\" srcset=\"https:\/\/www.mauertrocken.at\/wp-content\/uploads\/2024\/08\/p3-1.jpg 1133w, https:\/\/www.mauertrocken.at\/wp-content\/uploads\/2024\/08\/p3-1-1024x682.jpg 1024w, https:\/\/www.mauertrocken.at\/wp-content\/uploads\/2024\/08\/p3-1-768x512.jpg 768w\" sizes=\"(max-width: 800px) 100vw, 800px\" \/>\t\t\t\t\t\t\t\t\t\t\t<figcaption class=\"widget-image-caption wp-caption-text\">Abb. 3<\/figcaption>\n\t\t\t\t\t\t\t\t\t\t<\/figure>\n\t\t\t\t\t\t\t<\/div>\n\t\t\t\t<\/div>\n\t\t\t\t\t<\/div>\n\t\t\t\t<\/div>\n\t\t<div class=\"elementor-element elementor-element-1a0dfce e-flex e-con-boxed e-con e-parent\" data-id=\"1a0dfce\" data-element_type=\"container\">\n\t\t\t\t\t<div class=\"e-con-inner\">\n\t\t\t\t<div class=\"elementor-element elementor-element-21ab19e elementor-widget elementor-widget-text-editor\" data-id=\"21ab19e\" data-element_type=\"widget\" data-widget_type=\"text-editor.default\">\n\t\t\t\t<div class=\"elementor-widget-container\">\n\t\t\t\t\t\t\t<p style=\"font-weight: 400;\">Bei j\u00fcngeren Objekten sind meist Baufehler und nicht sichtbare M\u00e4ngel die Ursache. Schadhafte oder in die Jahre gekommene Leitungen f\u00fcr Regenabwasser und Kanal k\u00f6nnen ebenso das Mauerwerk durchfeuchten.<\/p>\t\t\t\t\t\t<\/div>\n\t\t\t\t<\/div>\n\t\t\t\t\t<\/div>\n\t\t\t\t<\/div>\n\t\t\t\t<\/div>\n\t\t","protected":false},"excerpt":{"rendered":"<p>Die folgenden Varianten k\u00f6nnen m\u00f6glich sein und haben unterschiedliche Ursachen, die ausschlie\u00dflich durch einen Fachmann bestimmt werden k\u00f6nnen. Putz nass<\/p>\n","protected":false},"author":1,"featured_media":0,"parent":0,"menu_order":0,"comment_status":"closed","ping_status":"closed","template":"","meta":{"footnotes":"","_links_to":"","_links_to_target":""},"class_list":["post-673","page","type-page","status-publish","hentry"],"_links":{"self":[{"href":"https:\/\/www.mauertrocken.at\/index.php?rest_route=\/wp\/v2\/pages\/673"}],"collection":[{"href":"https:\/\/www.mauertrocken.at\/index.php?rest_route=\/wp\/v2\/pages"}],"about":[{"href":"https:\/\/www.mauertrocken.at\/index.php?rest_route=\/wp\/v2\/types\/page"}],"author":[{"embeddable":true,"href":"https:\/\/www.mauertrocken.at\/index.php?rest_route=\/wp\/v2\/users\/1"}],"replies":[{"embeddable":true,"href":"https:\/\/www.mauertrocken.at\/index.php?rest_route=%2Fwp%2Fv2%2Fcomments&post=673"}],"version-history":[{"count":16,"href":"https:\/\/www.mauertrocken.at\/index.php?rest_route=\/wp\/v2\/pages\/673\/revisions"}],"predecessor-version":[{"id":701,"href":"https:\/\/www.mauertrocken.at\/index.php?rest_route=\/wp\/v2\/pages\/673\/revisions\/701"}],"wp:attachment":[{"href":"https:\/\/www.mauertrocken.at\/index.php?rest_route=%2Fwp%2Fv2%2Fmedia&parent=673"}],"curies":[{"name":"wp","href":"https:\/\/api.w.org\/{rel}","templated":true}]}}